{"id":34,"date":"2020-11-16T15:37:43","date_gmt":"2020-11-16T14:37:43","guid":{"rendered":"http:\/\/bzbgcdu.cluster030.hosting.ovh.net\/?page_id=34"},"modified":"2020-12-11T12:01:59","modified_gmt":"2020-12-11T11:01:59","slug":"demarche","status":"publish","type":"page","link":"https:\/\/www.michelcerfont.be\/?page_id=34","title":{"rendered":"D\u00e9marche"},"content":{"rendered":"\n<p>Le travail de Michel Cerfont est silence, retenue, m\u00e9ditation.<br>Parfois il peut devenir cri, appel et interrogation.<br>Il met en exergue un v\u00e9cu pictural o\u00f9 formes, support et pigments prennent distance par rapport \u00e0 la r\u00e9alit\u00e9 pour s&rsquo;\u00e9lever et s&rsquo;offrir naturellement, tel un signe sacr\u00e9, au regard du spectateur.<br>L&rsquo;image architectur\u00e9e, \u00e9vocation d&rsquo;un r\u00e9el structur\u00e9 y c\u00f4toie l&rsquo;imaginaire.<br>Nous parvenons alors dans un univers musical o\u00f9 silences et rythmes syncop\u00e9s nous apparaissent.<br>La couleur dor\u00e9e, r\u00e9f\u00e9rence aux ic\u00f4nes de tradition byzantine, ponctue et renforce parfois cette partition. Michel Cerfont nous entra\u00eene vers le moment privil\u00e9gi\u00e9 o\u00f9 chacun s&rsquo;abandonne au simple plaisir d&rsquo;observer. C&rsquo;est une des mani\u00e8res de rendre \u00e0 notre quotidien une certaine forme de s\u00e9r\u00e9nit\u00e9.<br>Autant les tableaux de Michel Cerfont se construisent lentement, autant ils se laissent apprivoiser avec la m\u00eame lenteur. Ils nous invitent \u00e0 entrer doucement dans leur perception pour nous les rendre visibles fragment apr\u00e8s fragment.<br>D\u00e9but d&rsquo;un voyage vers l&rsquo;homme et ses terres int\u00e9rieures.<br><em>[ Benoit Lallemand ]<\/em><\/p>\n","protected":false},"excerpt":{"rendered":"<p>Le travail de Michel Cerfont est silence, retenue, m\u00e9ditation.Parfois il peut devenir cri, appel et interrogation.Il met en exergue un v\u00e9cu pictural o\u00f9 formes, support et pigments prennent distance par rapport \u00e0 la r\u00e9alit\u00e9 pour s&rsquo;\u00e9lever et s&rsquo;offrir naturellement, tel un signe sacr\u00e9, au regard du spectateur.L&rsquo;image architectur\u00e9e, \u00e9vocation d&rsquo;un r\u00e9el structur\u00e9 y c\u00f4toie l&rsquo;imaginaire.Nous &hellip; <a href=\"https:\/\/www.michelcerfont.be\/?page_id=34\" class=\"more-link\">Continuer la lecture<span class=\"screen-reader-text\"> de &laquo;&nbsp;D\u00e9marche&nbsp;&raquo;<\/span><\/a><\/p>\n","protected":false},"author":1,"featured_media":0,"parent":0,"menu_order":0,"comment_status":"closed","ping_status":"closed","template":"","meta":{"_links_to":"","_links_to_target":""},"_links":{"self":[{"href":"https:\/\/www.michelcerfont.be\/index.php?rest_route=\/wp\/v2\/pages\/34"}],"collection":[{"href":"https:\/\/www.michelcerfont.be\/index.php?rest_route=\/wp\/v2\/pages"}],"about":[{"href":"https:\/\/www.michelcerfont.be\/index.php?rest_route=\/wp\/v2\/types\/page"}],"author":[{"embeddable":true,"href":"https:\/\/www.michelcerfont.be\/index.php?rest_route=\/wp\/v2\/users\/1"}],"replies":[{"embeddable":true,"href":"https:\/\/www.michelcerfont.be\/index.php?rest_route=%2Fwp%2Fv2%2Fcomments&post=34"}],"version-history":[{"count":5,"href":"https:\/\/www.michelcerfont.be\/index.php?rest_route=\/wp\/v2\/pages\/34\/revisions"}],"predecessor-version":[{"id":367,"href":"https:\/\/www.michelcerfont.be\/index.php?rest_route=\/wp\/v2\/pages\/34\/revisions\/367"}],"wp:attachment":[{"href":"https:\/\/www.michelcerfont.be\/index.php?rest_route=%2Fwp%2Fv2%2Fmedia&parent=34"}],"curies":[{"name":"wp","href":"https:\/\/api.w.org\/{rel}","templated":true}]}}